{"id":308,"date":"2026-01-21T09:29:04","date_gmt":"2026-01-21T09:29:04","guid":{"rendered":"https:\/\/cic-lavaladjoint-ia53.heberge.ac-nantes.fr\/filmanim\/?page_id=308"},"modified":"2026-01-21T17:01:31","modified_gmt":"2026-01-21T17:01:31","slug":"le-choix-des-logiciels","status":"publish","type":"page","link":"https:\/\/cic-lavaladjoint-ia53.heberge.ac-nantes.fr\/filmanim\/?page_id=308","title":{"rendered":"Le choix des logiciels"},"content":{"rendered":"\n<h4 class=\"wp-block-heading h4-with-min-margin-first\"><strong>Pour la prise de vues<\/strong><\/h4>\n\n\n\n<p><strong>Kool Capture<\/strong> est un logiciel de capture d\u2019image et de r\u00e9alisation de films d\u2019animation en stop-motion, avec la volont\u00e9 particuli\u00e8re d\u2019\u00eatre ultra simple d\u2019utilisation pour pouvoir \u00eatre manipul\u00e9 facilement par des enfants ou des n\u00e9ophytes lors d\u2019ateliers. Il n\u00e9cessite seulement une webcam (en USB) et un ordinateur.<\/p>\n\n\n\n<div class=\"wp-block-columns p-with-min-margin is-layout-flex wp-container-core-columns-is-layout-9d6595d7 wp-block-columns-is-layout-flex\">\n<div class=\"wp-block-column is-vertically-aligned-top is-layout-flow wp-block-column-is-layout-flow\" style=\"flex-basis:70px\">\n<figure class=\"wp-block-image size-full\"><img loading=\"lazy\" decoding=\"async\" width=\"64\" height=\"64\" src=\"https:\/\/cic-lavaladjoint-ia53.heberge.ac-nantes.fr\/filmanim\/wp-content\/uploads\/2026\/01\/library.png\" alt=\"\" class=\"wp-image-371\"\/><\/figure>\n<\/div>\n\n\n\n<div class=\"wp-block-column is-vertically-aligned-top is-layout-flow wp-block-column-is-layout-flow\" style=\"flex-basis:100%\">\n<p class=\"with-padding-top-5\"><a href=\"https:\/\/www.lamenagerie.com\/multimedia\/kool_capture\/\">T\u00e9l\u00e9charger le logiciel<\/a><\/p>\n<\/div>\n<\/div>\n\n\n\n<h4 class=\"wp-block-heading h4-with-min-margin\"><strong>Pour le montage vid\u00e9o<\/strong><\/h4>\n\n\n\n<p><strong>Shotcut<\/strong> est un logiciel de montage vid\u00e9o gratuit, open source et multi-plateforme. Dot\u00e9 d\u2019une interface simple et intuitive, ce logiciel dispose de toutes les fonctionnalit\u00e9s n\u00e9cessaires \u00e0 un montage vid\u00e9o \u00e9labor\u00e9. Il g\u00e8re entre autres plusieurs pistes audio ce qui facilite grandement le mixage et le montage de la bande son.<\/p>\n\n\n\n<div class=\"wp-block-columns p-with-min-margin is-layout-flex wp-container-core-columns-is-layout-9d6595d7 wp-block-columns-is-layout-flex\">\n<div class=\"wp-block-column is-layout-flow wp-block-column-is-layout-flow\" style=\"flex-basis:70px\">\n<figure class=\"wp-block-image size-full\"><img loading=\"lazy\" decoding=\"async\" width=\"64\" height=\"64\" src=\"https:\/\/cic-lavaladjoint-ia53.heberge.ac-nantes.fr\/filmanim\/wp-content\/uploads\/2026\/01\/library.png\" alt=\"\" class=\"wp-image-371\"\/><\/figure>\n<\/div>\n\n\n\n<div class=\"wp-block-column is-layout-flow wp-block-column-is-layout-flow\" style=\"flex-basis:100%\">\n<p class=\"with-padding-top-5\"><a href=\"https:\/\/shotcut.org\/download\/\">T\u00e9l\u00e9charger le logiciel<\/a> | <a href=\"https:\/\/nuage03.apps.education.fr\/index.php\/s\/L4cSkX8MrnHSibw\">Tutoriel<\/a><\/p>\n<\/div>\n<\/div>\n\n\n\n<h4 class=\"wp-block-heading h4-with-min-margin\"><strong>Pour le mixage audio<\/strong><\/h4>\n\n\n\n<p>Le logiciel libre <strong>Aucacity<\/strong> permet de monter une bande sonore et de retravailler celle-ci gr\u00e2ce \u00e0 un grand panel d\u2019outils et d\u2019effets : d\u00e9coupe, raccord, fondu, r\u00e9glage du volume \u2026 La pr\u00e9sence de plusieurs pistes permet facilement de mixer voix, bruitages et musique d\u2019ambiance.<\/p>\n\n\n\n<div class=\"wp-block-columns p-with-min-margin is-layout-flex wp-container-core-columns-is-layout-9d6595d7 wp-block-columns-is-layout-flex\">\n<div class=\"wp-block-column is-layout-flow wp-block-column-is-layout-flow\" style=\"flex-basis:70px\">\n<figure class=\"wp-block-image size-full\"><img loading=\"lazy\" decoding=\"async\" width=\"64\" height=\"64\" src=\"https:\/\/cic-lavaladjoint-ia53.heberge.ac-nantes.fr\/filmanim\/wp-content\/uploads\/2026\/01\/library.png\" alt=\"\" class=\"wp-image-371\"\/><\/figure>\n<\/div>\n\n\n\n<div class=\"wp-block-column is-layout-flow wp-block-column-is-layout-flow\" style=\"flex-basis:100%\">\n<p class=\"with-padding-top-5\"><a href=\"https:\/\/www.audacityteam.org\/download\/\">T\u00e9l\u00e9charger le logiciel<\/a> | <a href=\"https:\/\/nuage03.apps.education.fr\/index.php\/s\/KdzcW95DPiXctXk\">Tutoriel \u00ab Enregistrement \u00e0 partir d\u2019un micro \u00bb<\/a><\/p>\n<\/div>\n<\/div>\n\n\n\n<ul class=\"wp-block-list\">\n<li>Pour exporter au format MP3 : <a href=\"https:\/\/nuage03.apps.education.fr\/index.php\/s\/H9cd85PPZKZ7Tiy\">Encodeur MP3 LAME<\/a><\/li>\n\n\n\n<li>Pour aller plus loin : <a href=\"https:\/\/nuage03.apps.education.fr\/index.php\/s\/cxkEfe9EzN49ZC3\">Tutoriel de prise en main du logiciel Audacity<\/a><\/li>\n<\/ul>\n\n\n\n<p><strong>PhotoFiltre<\/strong> est un logiciel gratuit qui permet d\u2019effectuer des r\u00e9glages simples ou avanc\u00e9s sur les images. Pour la plupart des projets, ce logiciel servira surtout \u00e0 redimensionner par lot les photographies (au regard des r\u00e9solutions actuellement disponibles, elles risquent d\u2019\u00eatre tr\u00e8s lourdes) et \u00e0 les renommer automatiquement (en fonction du nom de la sc\u00e8ne par exemple).<\/p>\n\n\n\n<h4 class=\"wp-block-heading h4-with-min-margin\"><strong>Pour le traitement de l\u2019image<\/strong><\/h4>\n\n\n\n<p>Pour les plus pointilleux, Photofiltre pourra \u00e9galement \u00eatre utilis\u00e9 comme outil de retouche afin d\u2019incruster facilement de nouveaux \u00e9l\u00e9ments gr\u00e2ce \u00e0 la gestion des calques (simulation du mouvement des l\u00e8vres pendant les dialogues par exemple).<\/p>\n\n\n\n<p>Dans le cas tr\u00e8s sp\u00e9cifique de la r\u00e9alisation d\u2019un dessin anim\u00e9, ce logiciel occupera une place essentielle car c\u2019est lui qui permettra de r\u00e9unir les d\u00e9cors et les animations des personnages pr\u00e9alablement scann\u00e9es.<\/p>\n\n\n\n<div class=\"wp-block-columns p-with-min-margin is-layout-flex wp-container-core-columns-is-layout-9d6595d7 wp-block-columns-is-layout-flex\">\n<div class=\"wp-block-column is-layout-flow wp-block-column-is-layout-flow\" style=\"flex-basis:70px\">\n<figure class=\"wp-block-image size-full\"><img loading=\"lazy\" decoding=\"async\" width=\"64\" height=\"64\" src=\"https:\/\/cic-lavaladjoint-ia53.heberge.ac-nantes.fr\/filmanim\/wp-content\/uploads\/2026\/01\/library.png\" alt=\"\" class=\"wp-image-371\"\/><\/figure>\n<\/div>\n\n\n\n<div class=\"wp-block-column is-layout-flow wp-block-column-is-layout-flow\" style=\"flex-basis:100%\">\n<p class=\"with-padding-top-5\"><a href=\"http:\/\/www.photofiltre-studio.com\/pf7.htm\">T\u00e9l\u00e9charger le logiciel<\/a> | <a href=\"https:\/\/nuage03.apps.education.fr\/index.php\/s\/Hnzg9t4jYoZGKa5\">Tutoriel \u00ab Redimensionnement par lot \u00bb<\/a><\/p>\n<\/div>\n<\/div>\n","protected":false},"excerpt":{"rendered":"<p>Pour la prise de vues Kool Capture est un logiciel de capture d\u2019image et de r\u00e9alisation de films d\u2019animation en stop-motion, avec la volont\u00e9 particuli\u00e8re d\u2019\u00eatre ultra simple d\u2019utilisation pour pouvoir \u00eatre manipul\u00e9 facilement par des enfants ou des n\u00e9ophytes lors d\u2019ateliers. Il n\u00e9cessite seulement une webcam (en USB) et un ordinateur. T\u00e9l\u00e9charger le logiciel &hellip; <a href=\"https:\/\/cic-lavaladjoint-ia53.heberge.ac-nantes.fr\/filmanim\/?page_id=308\" class=\"more-link\">Continuer la lecture de <span class=\"screen-reader-text\">Le choix des logiciels<\/span><\/a><\/p>\n","protected":false},"author":1,"featured_media":0,"parent":294,"menu_order":5,"comment_status":"closed","ping_status":"closed","template":"","meta":{"footnotes":""},"class_list":["post-308","page","type-page","status-publish","hentry"],"_links":{"self":[{"href":"https:\/\/cic-lavaladjoint-ia53.heberge.ac-nantes.fr\/filmanim\/index.php?rest_route=\/wp\/v2\/pages\/308","targetHints":{"allow":["GET"]}}],"collection":[{"href":"https:\/\/cic-lavaladjoint-ia53.heberge.ac-nantes.fr\/filmanim\/index.php?rest_route=\/wp\/v2\/pages"}],"about":[{"href":"https:\/\/cic-lavaladjoint-ia53.heberge.ac-nantes.fr\/filmanim\/index.php?rest_route=\/wp\/v2\/types\/page"}],"author":[{"embeddable":true,"href":"https:\/\/cic-lavaladjoint-ia53.heberge.ac-nantes.fr\/filmanim\/index.php?rest_route=\/wp\/v2\/users\/1"}],"replies":[{"embeddable":true,"href":"https:\/\/cic-lavaladjoint-ia53.heberge.ac-nantes.fr\/filmanim\/index.php?rest_route=%2Fwp%2Fv2%2Fcomments&post=308"}],"version-history":[{"count":21,"href":"https:\/\/cic-lavaladjoint-ia53.heberge.ac-nantes.fr\/filmanim\/index.php?rest_route=\/wp\/v2\/pages\/308\/revisions"}],"predecessor-version":[{"id":480,"href":"https:\/\/cic-lavaladjoint-ia53.heberge.ac-nantes.fr\/filmanim\/index.php?rest_route=\/wp\/v2\/pages\/308\/revisions\/480"}],"up":[{"embeddable":true,"href":"https:\/\/cic-lavaladjoint-ia53.heberge.ac-nantes.fr\/filmanim\/index.php?rest_route=\/wp\/v2\/pages\/294"}],"wp:attachment":[{"href":"https:\/\/cic-lavaladjoint-ia53.heberge.ac-nantes.fr\/filmanim\/index.php?rest_route=%2Fwp%2Fv2%2Fmedia&parent=308"}],"curies":[{"name":"wp","href":"https:\/\/api.w.org\/{rel}","templated":true}]}}