{"id":306,"date":"2026-01-21T09:28:44","date_gmt":"2026-01-21T09:28:44","guid":{"rendered":"https:\/\/cic-lavaladjoint-ia53.heberge.ac-nantes.fr\/filmanim\/?page_id=306"},"modified":"2026-01-21T12:46:44","modified_gmt":"2026-01-21T12:46:44","slug":"la-question-du-materiel","status":"publish","type":"page","link":"https:\/\/cic-lavaladjoint-ia53.heberge.ac-nantes.fr\/filmanim\/?page_id=306","title":{"rendered":"La question du mat\u00e9riel"},"content":{"rendered":"\n<p class=\"with-min-margin\">Tout d\u2019abord, il faudra pr\u00e9voir un espace de tournage au sein de la classe. Cet espace pourra \u00eatre une simple table sur laquelle on am\u00e9nagera les d\u00e9cors. Il conviendra de prendre des pr\u00e9cautions \u00e9l\u00e9mentaires :<\/p>\n\n\n\n<ul class=\"wp-block-list\">\n<li>s\u2019assurer de la stabilit\u00e9 absolue de l\u2019installation,<\/li>\n\n\n\n<li>choisir l\u2019emplacement en fonction de l\u2019\u00e9clairage (lumi\u00e8re naturelle ou artificielle).<\/li>\n<\/ul>\n\n\n\n<p class=\"h4-with-min-margin\"><strong>Appareil photo ou webcam ?<\/strong><\/p>\n\n\n\n<p>Dans le cas de l\u2019utilisation d\u2019un appareil photo num\u00e9rique (ou d\u2019un camescope qui peut tout \u00e0 fait \u00eatre utilis\u00e9 en mode photo), il est fortement conseill\u00e9 de fixer celui-ci sur un tr\u00e9pied afin d\u2019en assurer la stabilit\u00e9 pendant les prises de vue. Si votre appareil permet le branchement d\u2019un d\u00e9clencheur \u00e0 distance (d\u00e9clencheur souple ou t\u00e9l\u00e9commande), cela permettra d\u2019\u00e9viter un mouvement inappropri\u00e9 au moment du d\u00e9clenchement : malheureusement, cette option n\u2019est souvent disponible que sur du mat\u00e9riel haut de gamme \u2026<\/p>\n\n\n\n<p>L\u2019int\u00e9r\u00eat d\u2019utiliser une webcam plut\u00f4t qu\u2019un appareil photo r\u00e9side dans la possibilit\u00e9 de d\u00e9clencher \u00e0 distance la prise de vue. Si vous faites le choix de la webcam (obligatoire avec le logiciel <strong>Kool Capture<\/strong>, \u00e0 d\u00e9couvrir dans la section \u00ab <a href=\"https:\/\/cic-lavaladjoint-ia53.heberge.ac-nantes.fr\/filmanim\/?page_id=308\" data-type=\"page\" data-id=\"308\">Le choix des logiciels<\/a> \u00bb), il sera probablement n\u00e9cessaire de r\u00e9aliser vous-m\u00eame un syst\u00e8me de fixation stable. La plupart des webcams utilisent en effet une fixation par pince afin d\u2019\u00eatre install\u00e9es sur le haut d\u2019un \u00e9cran. En fonction de la hauteur de l\u2019espace de tournage, on pourra par exemple imaginer fixer l\u2019appareil \u00e0 l\u2019aide de sa pince sur un dossier de chaise ou sur une table en utilisant de la p\u00e2te \u00e0 fixer. Il est \u00e9galement possible d\u2019imaginer un dispositif de fixation sur tr\u00e9pied. \u00c0 vous de faire preuve d\u2019imagination !<\/p>\n\n\n\n<p class=\"h4-with-min-margin\"><strong>Un point important : l\u2019\u00e9clairage<\/strong><\/p>\n\n\n\n<p>Il vous faudra pr\u00e9voir des spots pour \u00e9clairer le plateau de tournage. D\u2019une part les variations de lumi\u00e8re se verront immanquablement au montage, (ce peut \u00eatre un choix assum\u00e9 \u2026), d\u2019autre part, l\u2019utilisation du flash de l\u2019appareil photo risque de provoquer des reflets ind\u00e9sirables sur certains mat\u00e9riaux composant la sc\u00e8ne, il est nettement pr\u00e9f\u00e9rable de ne jamais l\u2019utiliser.<\/p>\n\n\n\n<p class=\"h4-with-min-margin\"><strong>La prise de son<\/strong><\/p>\n\n\n\n<p>Dans la plupart des cas, un simple micro d\u2019ambiance suffira pour l\u2019enregistrement des bruitages. En revanche, pour l\u2019enregistrement des voix, un micro unidirectionnel offrira de meilleurs r\u00e9sultats.<\/p>\n\n\n\n<p>Il existe des enregistreurs num\u00e9riques polyvalents, capables d\u2019enregistrer aussi bien les voix que les sons d\u2019ambiance. N\u00e9anmoins, pour des enregistrements simples, un casque-audio ou bien une tablette remplacera de mani\u00e8re avantageuse un enregistreur num\u00e9rique, souvent on\u00e9reux. N&rsquo;h\u00e9sitez pas \u00e0 nous contacter pour conseil avant d\u2019en faire l\u2019acquisition \u2026<\/p>\n","protected":false},"excerpt":{"rendered":"<p>Tout d\u2019abord, il faudra pr\u00e9voir un espace de tournage au sein de la classe. Cet espace pourra \u00eatre une simple table sur laquelle on am\u00e9nagera les d\u00e9cors. Il conviendra de prendre des pr\u00e9cautions \u00e9l\u00e9mentaires : Appareil photo ou webcam ? Dans le cas de l\u2019utilisation d\u2019un appareil photo num\u00e9rique (ou d\u2019un camescope qui peut tout &hellip; <a href=\"https:\/\/cic-lavaladjoint-ia53.heberge.ac-nantes.fr\/filmanim\/?page_id=306\" class=\"more-link\">Continuer la lecture de <span class=\"screen-reader-text\">La question du mat\u00e9riel<\/span><\/a><\/p>\n","protected":false},"author":1,"featured_media":0,"parent":294,"menu_order":4,"comment_status":"closed","ping_status":"closed","template":"","meta":{"footnotes":""},"class_list":["post-306","page","type-page","status-publish","hentry"],"_links":{"self":[{"href":"https:\/\/cic-lavaladjoint-ia53.heberge.ac-nantes.fr\/filmanim\/index.php?rest_route=\/wp\/v2\/pages\/306","targetHints":{"allow":["GET"]}}],"collection":[{"href":"https:\/\/cic-lavaladjoint-ia53.heberge.ac-nantes.fr\/filmanim\/index.php?rest_route=\/wp\/v2\/pages"}],"about":[{"href":"https:\/\/cic-lavaladjoint-ia53.heberge.ac-nantes.fr\/filmanim\/index.php?rest_route=\/wp\/v2\/types\/page"}],"author":[{"embeddable":true,"href":"https:\/\/cic-lavaladjoint-ia53.heberge.ac-nantes.fr\/filmanim\/index.php?rest_route=\/wp\/v2\/users\/1"}],"replies":[{"embeddable":true,"href":"https:\/\/cic-lavaladjoint-ia53.heberge.ac-nantes.fr\/filmanim\/index.php?rest_route=%2Fwp%2Fv2%2Fcomments&post=306"}],"version-history":[{"count":8,"href":"https:\/\/cic-lavaladjoint-ia53.heberge.ac-nantes.fr\/filmanim\/index.php?rest_route=\/wp\/v2\/pages\/306\/revisions"}],"predecessor-version":[{"id":435,"href":"https:\/\/cic-lavaladjoint-ia53.heberge.ac-nantes.fr\/filmanim\/index.php?rest_route=\/wp\/v2\/pages\/306\/revisions\/435"}],"up":[{"embeddable":true,"href":"https:\/\/cic-lavaladjoint-ia53.heberge.ac-nantes.fr\/filmanim\/index.php?rest_route=\/wp\/v2\/pages\/294"}],"wp:attachment":[{"href":"https:\/\/cic-lavaladjoint-ia53.heberge.ac-nantes.fr\/filmanim\/index.php?rest_route=%2Fwp%2Fv2%2Fmedia&parent=306"}],"curies":[{"name":"wp","href":"https:\/\/api.w.org\/{rel}","templated":true}]}}