{"id":296,"date":"2026-01-21T09:26:37","date_gmt":"2026-01-21T09:26:37","guid":{"rendered":"https:\/\/cic-lavaladjoint-ia53.heberge.ac-nantes.fr\/filmanim\/?page_id=296"},"modified":"2026-01-21T10:12:38","modified_gmt":"2026-01-21T10:12:38","slug":"presentation-de-laction","status":"publish","type":"page","link":"https:\/\/cic-lavaladjoint-ia53.heberge.ac-nantes.fr\/filmanim\/?page_id=296","title":{"rendered":"Pr\u00e9sentation de l&rsquo;action"},"content":{"rendered":"\n<p>L\u2019action d\u00e9partementale \u00ab <em>Silence, \u00e7a tourne !<\/em> \u00bb a pour ambition de promouvoir la r\u00e9alisation de <strong>courts m\u00e9trages d\u2019animation<\/strong> par les \u00e9coles publiques du d\u00e9partement de la Mayenne.<\/p>\n\n\n\n<p>La r\u00e9alisation d\u2019un film d\u2019animation au sein de la classe s\u2019inscrit compl\u00e8tement dans le cadre de la <strong>p\u00e9dagogie de projet<\/strong> : aborder de multiples comp\u00e9tences du programme \u00e0 travers des activit\u00e9s porteuses de sens et sources de motivation pour les \u00e9l\u00e8ves.<\/p>\n\n\n\n<p>Une fois leur projet men\u00e9 \u00e0 terme, les classes qui le souhaient peuvent envoyer leur production \u00e0 l&rsquo;\u00e9quipe RUN 53 qui se chargera alors d\u2019<strong>h\u00e9berger<\/strong> le film sur cet espace d\u00e9di\u00e9.<\/p>\n\n\n\n<p>En plus de l\u2019h\u00e9bergement des diff\u00e9rents films r\u00e9alis\u00e9s par les \u00e9coles, vous trouverez sur cet espace tout le n\u00e9cessaire pour vous aider \u00e0 <strong>mettre en \u0153uvre<\/strong> ce type de projet avec vos \u00e9l\u00e8ves : d\u00e9marche p\u00e9dagogique, conseils m\u00e9thodologiques, propositions d\u2019outils logiciels, tutoriels \u2026 C\u2019est l\u2019objet principal de la section \u00ab <a href=\"https:\/\/cic-lavaladjoint-ia53.heberge.ac-nantes.fr\/filmanim\/?page_id=294\" data-type=\"page\" data-id=\"294\">Cr\u00e9er un film d&rsquo;animation<\/a> \u00bb. Tous les documents propos\u00e9s dans ces pages sont regroup\u00e9s dans la section \u00ab <a href=\"https:\/\/cic-lavaladjoint-ia53.heberge.ac-nantes.fr\/filmanim\/?page_id=298\" data-type=\"page\" data-id=\"298\">Ressources<\/a> \u00bb.<\/p>\n\n\n\n<p>Il ne vous reste donc plus qu\u2019\u00e0 <strong>vous lancer<\/strong> : \u00ab <em>Silence, \u00e7a tourne !<\/em> \u00bb<\/p>\n\n\n\n<div class=\"wp-block-group boxed-group has-light-blue-background-color has-background\"><div class=\"wp-block-group__inner-container is-layout-constrained wp-block-group-is-layout-constrained\">\n<p class=\"txt-bleu\"><strong>Comment contacter l&rsquo;\u00e9quipe RUN ?<\/strong><\/p>\n\n\n\n<ul class=\"wp-block-list\">\n<li>par courriel : <a href=\"mailto:run53@ac-nantes.fr\">run53@ac-nantes.fr<\/a><\/li>\n\n\n\n<li>par t\u00e9l\u00e9phone : 02.43.59.92.08\/09\/10<\/li>\n<\/ul>\n<\/div><\/div>\n\n\n<div class=\"wp-block-image\">\n<figure class=\"aligncenter size-full\"><img loading=\"lazy\" decoding=\"async\" width=\"500\" height=\"358\" src=\"https:\/\/cic-lavaladjoint-ia53.heberge.ac-nantes.fr\/filmanim\/wp-content\/uploads\/2026\/01\/cinema_v2.png\" alt=\"\" class=\"wp-image-346\" srcset=\"https:\/\/cic-lavaladjoint-ia53.heberge.ac-nantes.fr\/filmanim\/wp-content\/uploads\/2026\/01\/cinema_v2.png 500w, https:\/\/cic-lavaladjoint-ia53.heberge.ac-nantes.fr\/filmanim\/wp-content\/uploads\/2026\/01\/cinema_v2-300x215.png 300w\" sizes=\"auto, (max-width: 500px) 100vw, 500px\" \/><\/figure>\n<\/div>","protected":false},"excerpt":{"rendered":"<p>L\u2019action d\u00e9partementale \u00ab Silence, \u00e7a tourne ! \u00bb a pour ambition de promouvoir la r\u00e9alisation de courts m\u00e9trages d\u2019animation par les \u00e9coles publiques du d\u00e9partement de la Mayenne. La r\u00e9alisation d\u2019un film d\u2019animation au sein de la classe s\u2019inscrit compl\u00e8tement dans le cadre de la p\u00e9dagogie de projet : aborder de multiples comp\u00e9tences du programme &hellip; <a href=\"https:\/\/cic-lavaladjoint-ia53.heberge.ac-nantes.fr\/filmanim\/?page_id=296\" class=\"more-link\">Continuer la lecture de <span class=\"screen-reader-text\">Pr\u00e9sentation de l&rsquo;action<\/span><\/a><\/p>\n","protected":false},"author":1,"featured_media":0,"parent":0,"menu_order":0,"comment_status":"closed","ping_status":"closed","template":"","meta":{"footnotes":""},"class_list":["post-296","page","type-page","status-publish","hentry"],"_links":{"self":[{"href":"https:\/\/cic-lavaladjoint-ia53.heberge.ac-nantes.fr\/filmanim\/index.php?rest_route=\/wp\/v2\/pages\/296","targetHints":{"allow":["GET"]}}],"collection":[{"href":"https:\/\/cic-lavaladjoint-ia53.heberge.ac-nantes.fr\/filmanim\/index.php?rest_route=\/wp\/v2\/pages"}],"about":[{"href":"https:\/\/cic-lavaladjoint-ia53.heberge.ac-nantes.fr\/filmanim\/index.php?rest_route=\/wp\/v2\/types\/page"}],"author":[{"embeddable":true,"href":"https:\/\/cic-lavaladjoint-ia53.heberge.ac-nantes.fr\/filmanim\/index.php?rest_route=\/wp\/v2\/users\/1"}],"replies":[{"embeddable":true,"href":"https:\/\/cic-lavaladjoint-ia53.heberge.ac-nantes.fr\/filmanim\/index.php?rest_route=%2Fwp%2Fv2%2Fcomments&post=296"}],"version-history":[{"count":12,"href":"https:\/\/cic-lavaladjoint-ia53.heberge.ac-nantes.fr\/filmanim\/index.php?rest_route=\/wp\/v2\/pages\/296\/revisions"}],"predecessor-version":[{"id":359,"href":"https:\/\/cic-lavaladjoint-ia53.heberge.ac-nantes.fr\/filmanim\/index.php?rest_route=\/wp\/v2\/pages\/296\/revisions\/359"}],"wp:attachment":[{"href":"https:\/\/cic-lavaladjoint-ia53.heberge.ac-nantes.fr\/filmanim\/index.php?rest_route=%2Fwp%2Fv2%2Fmedia&parent=296"}],"curies":[{"name":"wp","href":"https:\/\/api.w.org\/{rel}","templated":true}]}}