{"id":15,"date":"2026-01-12T15:10:28","date_gmt":"2026-01-12T15:10:28","guid":{"rendered":"https:\/\/cic-lavaladjoint-ia53.heberge.ac-nantes.fr\/filmanim\/?page_id=15"},"modified":"2026-01-21T10:17:36","modified_gmt":"2026-01-21T10:17:36","slug":"mentions-legales","status":"publish","type":"page","link":"https:\/\/cic-lavaladjoint-ia53.heberge.ac-nantes.fr\/filmanim\/?page_id=15","title":{"rendered":"Mentions l\u00e9gales"},"content":{"rendered":"\n<p>Vous \u00eates sur le blog des films en stop motion des \u00e9coles publiques du d\u00e9partement de la Mayenne.<\/p>\n\n\n<table border=\"0\">\n<tbody>\n<tr>\n<td style=\"background-color: #f5f5f5; padding-left: 20px;\"><strong>RESPONSABLE \u00c9DITORIAL<\/strong><\/td>\n<\/tr>\n<tr>\n<td style=\"padding: 20px;\">\n<p style=\"margin: 0; margin-left: 10px;\"><strong>\u00c9quipe RUN<\/strong>, DSDEN de la Mayenne<\/p>\n<p style=\"margin: 0; margin-left: 20px; margin-top: 15px;\"><em>Cit\u00e9 Administrative<br \/>Rue Mac Donald<br \/>B.P. 23851<br \/>53030 Laval cedex 9<\/em><\/p>\n<\/td>\n<\/tr>\n<\/tbody>\n<\/table>\n<table border=\"0\">\n<tbody>\n<tr>\n<td style=\"background-color: #f5f5f5; padding-left: 20px;\"><strong>H\u00c9BERGEUR<\/strong><\/td>\n<\/tr>\n<tr>\n<td style=\"padding: 20px;\">\n<p style=\"margin: 0; margin-left: 10px;\"><strong>Rectorat de Nantes<\/strong><\/p>\n<p style=\"margin: 0; margin-left: 20px; margin-top: 15px;\"><em>4 rue de la Houssini\u00e8re<br \/>B.P. 72626<br \/>44326 Nantes Cedex 3 <\/em><\/p>\n<\/td>\n<\/tr>\n<\/tbody>\n<\/table>","protected":false},"excerpt":{"rendered":"<p>Vous \u00eates sur le blog des films en stop motion des \u00e9coles publiques du d\u00e9partement de la Mayenne. RESPONSABLE \u00c9DITORIAL \u00c9quipe RUN, DSDEN de la Mayenne Cit\u00e9 AdministrativeRue Mac DonaldB.P. 2385153030 Laval cedex 9 H\u00c9BERGEUR Rectorat de Nantes 4 rue de la Houssini\u00e8reB.P. 7262644326 Nantes Cedex 3<\/p>\n","protected":false},"author":1,"featured_media":0,"parent":0,"menu_order":0,"comment_status":"closed","ping_status":"closed","template":"","meta":{"footnotes":""},"class_list":["post-15","page","type-page","status-publish","hentry"],"_links":{"self":[{"href":"https:\/\/cic-lavaladjoint-ia53.heberge.ac-nantes.fr\/filmanim\/index.php?rest_route=\/wp\/v2\/pages\/15","targetHints":{"allow":["GET"]}}],"collection":[{"href":"https:\/\/cic-lavaladjoint-ia53.heberge.ac-nantes.fr\/filmanim\/index.php?rest_route=\/wp\/v2\/pages"}],"about":[{"href":"https:\/\/cic-lavaladjoint-ia53.heberge.ac-nantes.fr\/filmanim\/index.php?rest_route=\/wp\/v2\/types\/page"}],"author":[{"embeddable":true,"href":"https:\/\/cic-lavaladjoint-ia53.heberge.ac-nantes.fr\/filmanim\/index.php?rest_route=\/wp\/v2\/users\/1"}],"replies":[{"embeddable":true,"href":"https:\/\/cic-lavaladjoint-ia53.heberge.ac-nantes.fr\/filmanim\/index.php?rest_route=%2Fwp%2Fv2%2Fcomments&post=15"}],"version-history":[{"count":4,"href":"https:\/\/cic-lavaladjoint-ia53.heberge.ac-nantes.fr\/filmanim\/index.php?rest_route=\/wp\/v2\/pages\/15\/revisions"}],"predecessor-version":[{"id":361,"href":"https:\/\/cic-lavaladjoint-ia53.heberge.ac-nantes.fr\/filmanim\/index.php?rest_route=\/wp\/v2\/pages\/15\/revisions\/361"}],"wp:attachment":[{"href":"https:\/\/cic-lavaladjoint-ia53.heberge.ac-nantes.fr\/filmanim\/index.php?rest_route=%2Fwp%2Fv2%2Fmedia&parent=15"}],"curies":[{"name":"wp","href":"https:\/\/api.w.org\/{rel}","templated":true}]}}